{"id":740,"date":"2024-05-13T18:19:20","date_gmt":"2024-05-13T18:19:20","guid":{"rendered":"https:\/\/sb-logistika.si\/?page_id=740"},"modified":"2024-08-18T15:20:13","modified_gmt":"2024-08-18T15:20:13","slug":"povprasevanje","status":"publish","type":"page","link":"https:\/\/sb-logistika.si\/de\/povprasevanje\/","title":{"rendered":"Povpra\u0161evanje"},"content":{"rendered":"<div data-elementor-type=\"wp-page\" data-elementor-id=\"740\" class=\"elementor elementor-740\">\n\t\t\t\t\t\t<section class=\"elementor-section elementor-top-section elementor-element elementor-element-8f0b0c4 elementor-section-boxed elementor-section-height-default elementor-section-height-default\" data-id=\"8f0b0c4\" data-element_type=\"section\" data-settings=\"{&quot;background_background&quot;:&quot;gradient&quot;}\">\n\t\t\t\t\t\t\t<div class=\"elementor-background-overlay\"><\/div>\n\t\t\t\t\t\t\t<div class=\"elementor-container elementor-column-gap-no\">\n\t\t\t\t\t<div class=\"elementor-column elementor-col-50 elementor-top-column elementor-element elementor-element-e44c3ba\" data-id=\"e44c3ba\" data-element_type=\"column\">\n\t\t\t<div class=\"elementor-widget-wrap elementor-element-populated\">\n\t\t\t\t\t\t<div class=\"elementor-element elementor-element-c1df1c9 uael-dual-heading-align-left elementor-widget elementor-widget-uael-dual-color-heading\" data-id=\"c1df1c9\" data-element_type=\"widget\" data-widget_type=\"uael-dual-color-heading.default\">\n\t\t\t\t<div class=\"elementor-widget-container\">\n\t\t\t\t\t\t\t<div class=\"uael-module-content uael-dual-color-heading uael-heading-stack-none\" data-bg_text=\"PREVOZ\">\n\t\t\t<h1>\n\t\t\t\t\t\t\t\t\t\t\t\t\t\t\t\t<span class=\"uael-before-heading\"><span class=\"elementor-inline-editing uael-dual-heading-text uael-first-text\" data-elementor-setting-key=\"before_heading_text\" data-elementor-inline-editing-toolbar=\"basic\">Povpra\u0161evanje za \u200b<\/span><\/span><span class=\"uael-adv-heading-stack\"><span class=\"elementor-inline-editing uael-dual-heading-text uael-highlight-text\" data-elementor-setting-key=\"second_heading_text\" data-elementor-inline-editing-toolbar=\"basic\">prevoz<\/span><\/span>\t\t\t\t\t\t\t\t\t\t\t\t\t<\/h1>\n\t\t<\/div>\n\t\t\t\t<\/div>\n\t\t\t\t<\/div>\n\t\t\t\t<div class=\"elementor-element elementor-element-8f74300 elementor-widget elementor-widget-heading\" data-id=\"8f74300\" data-element_type=\"widget\" data-widget_type=\"heading.default\">\n\t\t\t\t<div class=\"elementor-widget-container\">\n\t\t\t<style>\/*! elementor - v3.23.0 - 05-08-2024 *\/\n.elementor-heading-title{padding:0;margin:0;line-height:1}.elementor-widget-heading .elementor-heading-title[class*=elementor-size-]>a{color:inherit;font-size:inherit;line-height:inherit}.elementor-widget-heading .elementor-heading-title.elementor-size-small{font-size:15px}.elementor-widget-heading .elementor-heading-title.elementor-size-medium{font-size:19px}.elementor-widget-heading .elementor-heading-title.elementor-size-large{font-size:29px}.elementor-widget-heading .elementor-heading-title.elementor-size-xl{font-size:39px}.elementor-widget-heading .elementor-heading-title.elementor-size-xxl{font-size:59px}<\/style><h6 class=\"elementor-heading-title elementor-size-default\">Ponudbo boste prejeli ekpresno hitro.<\/h6>\t\t<\/div>\n\t\t\t\t<\/div>\n\t\t\t\t\t<\/div>\n\t\t<\/div>\n\t\t\t\t<div class=\"elementor-column elementor-col-50 elementor-top-column elementor-element elementor-element-63990ef\" data-id=\"63990ef\" data-element_type=\"column\">\n\t\t\t<div class=\"elementor-widget-wrap elementor-element-populated\">\n\t\t\t\t\t\t<div class=\"elementor-element elementor-element-a120103 elementor-align-right elementor-widget__width-initial elementor-mobile-align-center animated-fast elementor-invisible elementor-widget elementor-widget-button\" data-id=\"a120103\" data-element_type=\"widget\" data-settings=\"{&quot;_animation&quot;:&quot;fadeIn&quot;}\" data-widget_type=\"button.default\">\n\t\t\t\t<div class=\"elementor-widget-container\">\n\t\t\t\t\t<div class=\"elementor-button-wrapper\">\n\t\t\t<a class=\"elementor-button elementor-button-link elementor-size-xs\" href=\"https:\/\/sb-logistika.si\/de\/skladiscenje-povprasevanje\/\">\n\t\t\t\t\t\t<span class=\"elementor-button-content-wrapper\">\n\t\t\t\t\t\t\t\t\t<span class=\"elementor-button-text\">\u017delim ponudbo za skladi\u0161\u010denje<\/span>\n\t\t\t\t\t<\/span>\n\t\t\t\t\t<\/a>\n\t\t<\/div>\n\t\t\t\t<\/div>\n\t\t\t\t<\/div>\n\t\t\t\t\t<\/div>\n\t\t<\/div>\n\t\t\t\t\t<\/div>\n\t\t<\/section>\n\t\t<div class=\"elementor-element elementor-element-1c4f8a9 e-flex e-con-boxed e-con e-parent\" data-id=\"1c4f8a9\" data-element_type=\"container\">\n\t\t\t\t\t<div class=\"e-con-inner\">\n\t\t\t\t<div class=\"elementor-element elementor-element-7b30da5 elementor-widget elementor-widget-wpforms\" data-id=\"7b30da5\" data-element_type=\"widget\" data-widget_type=\"wpforms.default\">\n\t\t\t\t<div class=\"elementor-widget-container\">\n\t\t\t<div class=\"wpforms-container\" id=\"wpforms-561\"><form id=\"wpforms-form-561\" class=\"wpforms-validate wpforms-form wpforms-ajax-form\" data-formid=\"561\" method=\"post\" enctype=\"multipart\/form-data\" action=\"\/de\/wp-json\/wp\/v2\/pages\/740\" data-token=\"a189993ee06f5adadb6e0c3aee56f0d2\" data-token-time=\"1776768820\" data-trp-original-action=\"\/de\/wp-json\/wp\/v2\/pages\/740\"><noscript class=\"wpforms-error-noscript\">Bitte aktiviere JavaScript in deinem Browser, um dieses Formular fertigzustellen.<\/noscript><div class=\"wpforms-field-container\"><div id=\"wpforms-561-field_1-container\" class=\"wpforms-field wpforms-field-email\" data-field-id=\"1\"><label class=\"wpforms-field-label\" for=\"wpforms-561-field_1\">Epo\u0161ta <span class=\"wpforms-required-label\">*<\/span><\/label><input type=\"email\" id=\"wpforms-561-field_1\" class=\"wpforms-field-medium wpforms-field-required\" name=\"wpforms[fields][1]\" spellcheck=\"false\" required><div class=\"wpforms-field-description\">Vpi\u0161ite va\u0161 epo\u0161tni naslov. V primeru napa\u010dnega naslova, povpra\u0161evanje ne bo poslano.<\/div><\/div><div id=\"wpforms-561-field_0-container\" class=\"wpforms-field wpforms-field-name\" data-field-id=\"0\"><label class=\"wpforms-field-label\" for=\"wpforms-561-field_0\">Ime in priimek <span class=\"wpforms-required-label\">*<\/span><\/label><input type=\"text\" id=\"wpforms-561-field_0\" class=\"wpforms-field-medium wpforms-field-required\" name=\"wpforms[fields][0]\" required><\/div><div id=\"wpforms-561-field_3-container\" class=\"wpforms-field wpforms-field-name\" data-field-id=\"3\"><label class=\"wpforms-field-label\" for=\"wpforms-561-field_3\">Podjetje<\/label><input type=\"text\" id=\"wpforms-561-field_3\" class=\"wpforms-field-medium\" name=\"wpforms[fields][3]\" ><div class=\"wpforms-field-description\">Vnesite ime podjetja<\/div><\/div><div id=\"wpforms-561-field_12-container\" class=\"wpforms-field wpforms-field-radio wpforms-list-2-columns\" data-field-id=\"12\"><label class=\"wpforms-field-label\" for=\"wpforms-561-field_12\">Vrsta prevoza<\/label><ul id=\"wpforms-561-field_12\" class=\"wpforms-icon-choices wpforms-icon-choices-classic wpforms-icon-choices-small\" style=\"--wpforms-icon-choices-color: #0399ed;\"><li class=\"choice-1 depth-1 wpforms-icon-choices-item wpforms-selected\"><label class=\"wpforms-field-label-inline\" for=\"wpforms-561-field_12_1\">\n\t\t\t\t<span class=\"wpforms-icon-choices-icon\">\n\t\t\t\t\t<svg xmlns=\"http:\/\/www.w3.org\/2000\/svg\" width=\"40\" height=\"32px\" viewbox=\"0 0 512 512\"><!--! Font Awesome Free 6.4.0 by @fontawesome - https:\/\/fontawesome.com License - https:\/\/fontawesome.com\/license\/free (Icons: CC BY 4.0, Fonts: SIL OFL 1.1, Code: MIT License) Copyright 2023 Fonticons, Inc. --><path d=\"M512 96c0 50.2-59.1 125.1-84.6 155c-3.8 4.4-9.4 6.1-14.5 5H320c-17.7 0-32 14.3-32 32s14.3 32 32 32h96c53 0 96 43 96 96s-43 96-96 96H139.6c8.7-9.9 19.3-22.6 30-36.8c6.3-8.4 12.8-17.6 19-27.2H416c17.7 0 32-14.3 32-32s-14.3-32-32-32H320c-53 0-96-43-96-96s43-96 96-96h39.8c-21-31.5-39.8-67.7-39.8-96c0-53 43-96 96-96s96 43 96 96zM117.1 489.1c-3.8 4.3-7.2 8.1-10.1 11.3l-1.8 2-.2-.2c-6 4.6-14.6 4-20-1.8C59.8 473 0 402.5 0 352c0-53 43-96 96-96s96 43 96 96c0 30-21.1 67-43.5 97.9c-10.7 14.7-21.7 28-30.8 38.5l-.6 .7zM128 352a32 32 0 1 0 -64 0 32 32 0 1 0 64 0zM416 128a32 32 0 1 0 0-64 32 32 0 1 0 0 64z\"\/><\/svg>\n\t\t\t\t\t<span class=\"wpforms-icon-choices-icon-bg\"><\/span>\n\t\t\t\t<\/span>\n\t\t\t\t<input type=\"radio\" id=\"wpforms-561-field_12_1\" class=\"wpforms-screen-reader-element\" name=\"wpforms[fields][12]\" value=\"Zbirni transport - MANJ\u0160E DIMENZIJE OPTIMALNA CENA\" autocomplete=\"off\"   checked='checked'>\n\t\t\t\t<span class=\"wpforms-icon-choices-label\">Zbirni transport - MANJ\u0160E DIMENZIJE OPTIMALNA CENA<\/span>\n\t\t\t<\/label><\/li><li class=\"choice-2 depth-1 wpforms-icon-choices-item\"><label class=\"wpforms-field-label-inline\" for=\"wpforms-561-field_12_2\">\n\t\t\t\t<span class=\"wpforms-icon-choices-icon\">\n\t\t\t\t\t<svg xmlns=\"http:\/\/www.w3.org\/2000\/svg\" width=\"40\" height=\"32px\" viewbox=\"0 0 640 512\"><!--! Font Awesome Free 6.4.0 by @fontawesome - https:\/\/fontawesome.com License - https:\/\/fontawesome.com\/license\/free (Icons: CC BY 4.0, Fonts: SIL OFL 1.1, Code: MIT License) Copyright 2023 Fonticons, Inc. --><path d=\"M112 0C85.5 0 64 21.5 64 48V96H16c-8.8 0-16 7.2-16 16s7.2 16 16 16H64 272c8.8 0 16 7.2 16 16s-7.2 16-16 16H64 48c-8.8 0-16 7.2-16 16s7.2 16 16 16H64 240c8.8 0 16 7.2 16 16s-7.2 16-16 16H64 16c-8.8 0-16 7.2-16 16s7.2 16 16 16H64 208c8.8 0 16 7.2 16 16s-7.2 16-16 16H64V416c0 53 43 96 96 96s96-43 96-96H384c0 53 43 96 96 96s96-43 96-96h32c17.7 0 32-14.3 32-32s-14.3-32-32-32V288 256 237.3c0-17-6.7-33.3-18.7-45.3L512 114.7c-12-12-28.3-18.7-45.3-18.7H416V48c0-26.5-21.5-48-48-48H112zM544 237.3V256H416V160h50.7L544 237.3zM160 368a48 48 0 1 1 0 96 48 48 0 1 1 0-96zm272 48a48 48 0 1 1 96 0 48 48 0 1 1 -96 0z\"\/><\/svg>\n\t\t\t\t\t<span class=\"wpforms-icon-choices-icon-bg\"><\/span>\n\t\t\t\t<\/span>\n\t\t\t\t<input type=\"radio\" id=\"wpforms-561-field_12_2\" class=\"wpforms-screen-reader-element\" name=\"wpforms[fields][12]\" value=\"Express transport - OD VRAT DO VRAT 24\/7\" autocomplete=\"off\"  >\n\t\t\t\t<span class=\"wpforms-icon-choices-label\">Express transport - OD VRAT DO VRAT 24\/7<\/span>\n\t\t\t<\/label><\/li><li class=\"choice-3 depth-1 wpforms-icon-choices-item\"><label class=\"wpforms-field-label-inline\" for=\"wpforms-561-field_12_3\">\n\t\t\t\t<span class=\"wpforms-icon-choices-icon\">\n\t\t\t\t\t<svg xmlns=\"http:\/\/www.w3.org\/2000\/svg\" width=\"40\" height=\"32px\" viewbox=\"0 0 576 512\"><!--! Font Awesome Free 6.4.0 by @fontawesome - https:\/\/fontawesome.com License - https:\/\/fontawesome.com\/license\/free (Icons: CC BY 4.0, Fonts: SIL OFL 1.1, Code: MIT License) Copyright 2023 Fonticons, Inc. --><path d=\"M547.6 103.8L490.3 13.1C485.2 5 476.1 0 466.4 0H109.6C99.9 0 90.8 5 85.7 13.1L28.3 103.8c-29.6 46.8-3.4 111.9 51.9 119.4c4 .5 8.1 .8 12.1 .8c26.1 0 49.3-11.4 65.2-29c15.9 17.6 39.1 29 65.2 29c26.1 0 49.3-11.4 65.2-29c15.9 17.6 39.1 29 65.2 29c26.2 0 49.3-11.4 65.2-29c16 17.6 39.1 29 65.2 29c4.1 0 8.1-.3 12.1-.8c55.5-7.4 81.8-72.5 52.1-119.4zM499.7 254.9l-.1 0c-5.3 .7-10.7 1.1-16.2 1.1c-12.4 0-24.3-1.9-35.4-5.3V384H128V250.6c-11.2 3.5-23.2 5.4-35.6 5.4c-5.5 0-11-.4-16.3-1.1l-.1 0c-4.1-.6-8.1-1.3-12-2.3V384v64c0 35.3 28.7 64 64 64H448c35.3 0 64-28.7 64-64V384 252.6c-4 1-8 1.8-12.3 2.3z\"\/><\/svg>\n\t\t\t\t\t<span class=\"wpforms-icon-choices-icon-bg\"><\/span>\n\t\t\t\t<\/span>\n\t\t\t\t<input type=\"radio\" id=\"wpforms-561-field_12_3\" class=\"wpforms-screen-reader-element\" name=\"wpforms[fields][12]\" value=\"Ebay transport - STARINE, STROJI, REZERVNI DELI, ...\" autocomplete=\"off\"  >\n\t\t\t\t<span class=\"wpforms-icon-choices-label\">Ebay transport - STARINE, STROJI, REZERVNI DELI, ...<\/span>\n\t\t\t<\/label><\/li><li class=\"choice-4 depth-1 wpforms-icon-choices-item\"><label class=\"wpforms-field-label-inline\" for=\"wpforms-561-field_12_4\">\n\t\t\t\t<span class=\"wpforms-icon-choices-icon\">\n\t\t\t\t\t<svg xmlns=\"http:\/\/www.w3.org\/2000\/svg\" width=\"40\" height=\"32px\" viewbox=\"0 0 512 512\"><!--! Font Awesome Free 6.4.0 by @fontawesome - https:\/\/fontawesome.com License - https:\/\/fontawesome.com\/license\/free (Icons: CC BY 4.0, Fonts: SIL OFL 1.1, Code: MIT License) Copyright 2023 Fonticons, Inc. --><path d=\"M256 32c14.2 0 27.3 7.5 34.5 19.8l216 368c7.3 12.4 7.3 27.7 .2 40.1S486.3 480 472 480H40c-14.3 0-27.6-7.7-34.7-20.1s-7-27.8 .2-40.1l216-368C228.7 39.5 241.8 32 256 32zm0 128c-13.3 0-24 10.7-24 24V296c0 13.3 10.7 24 24 24s24-10.7 24-24V184c0-13.3-10.7-24-24-24zm32 224a32 32 0 1 0 -64 0 32 32 0 1 0 64 0z\"\/><\/svg>\n\t\t\t\t\t<span class=\"wpforms-icon-choices-icon-bg\"><\/span>\n\t\t\t\t<\/span>\n\t\t\t\t<input type=\"radio\" id=\"wpforms-561-field_12_4\" class=\"wpforms-screen-reader-element\" name=\"wpforms[fields][12]\" value=\"Transport nevarnih snovi - ADR + TERMO ADR\" autocomplete=\"off\"  >\n\t\t\t\t<span class=\"wpforms-icon-choices-label\">Transport nevarnih snovi - ADR + TERMO ADR<\/span>\n\t\t\t<\/label><\/li><li class=\"choice-5 depth-1 wpforms-icon-choices-item\"><label class=\"wpforms-field-label-inline\" for=\"wpforms-561-field_12_5\">\n\t\t\t\t<span class=\"wpforms-icon-choices-icon\">\n\t\t\t\t\t<svg xmlns=\"http:\/\/www.w3.org\/2000\/svg\" width=\"40\" height=\"32px\" viewbox=\"0 0 512 512\"><!--! Font Awesome Free 6.4.0 by @fontawesome - https:\/\/fontawesome.com License - https:\/\/fontawesome.com\/license\/free (Icons: CC BY 4.0, Fonts: SIL OFL 1.1, Code: MIT License) Copyright 2023 Fonticons, Inc. --><path d=\"M448 96a32 32 0 1 0 -64 0 32 32 0 1 0 64 0zM320 96a96 96 0 1 1 192 0A96 96 0 1 1 320 96zM144 64c-26.5 0-48 21.5-48 48V276.5c0 17.3-7.1 31.9-15.3 42.5C70.2 332.6 64 349.5 64 368c0 44.2 35.8 80 80 80s80-35.8 80-80c0-18.5-6.2-35.4-16.7-48.9c-8.2-10.6-15.3-25.2-15.3-42.5V112c0-26.5-21.5-48-48-48zM32 112C32 50.2 82.1 0 144 0s112 50.1 112 112V276.5c0 .1 .1 .3 .2 .6c.2 .6 .8 1.6 1.7 2.8c18.9 24.4 30.1 55 30.1 88.1c0 79.5-64.5 144-144 144S0 447.5 0 368c0-33.2 11.2-63.8 30.1-88.1c.9-1.2 1.5-2.2 1.7-2.8c.1-.3 .2-.5 .2-.6V112zM192 368c0 26.5-21.5 48-48 48s-48-21.5-48-48c0-20.9 13.4-38.7 32-45.3V272c0-8.8 7.2-16 16-16s16 7.2 16 16v50.7c18.6 6.6 32 24.4 32 45.3z\"\/><\/svg>\n\t\t\t\t\t<span class=\"wpforms-icon-choices-icon-bg\"><\/span>\n\t\t\t\t<\/span>\n\t\t\t\t<input type=\"radio\" id=\"wpforms-561-field_12_5\" class=\"wpforms-screen-reader-element\" name=\"wpforms[fields][12]\" value=\"Temperaturni tranport - TERMO BI-TEMP\" autocomplete=\"off\"  >\n\t\t\t\t<span class=\"wpforms-icon-choices-label\">Temperaturni tranport - TERMO BI-TEMP<\/span>\n\t\t\t<\/label><\/li><li class=\"choice-6 depth-1 wpforms-icon-choices-item\"><label class=\"wpforms-field-label-inline\" for=\"wpforms-561-field_12_6\">\n\t\t\t\t<span class=\"wpforms-icon-choices-icon\">\n\t\t\t\t\t<svg xmlns=\"http:\/\/www.w3.org\/2000\/svg\" width=\"40\" height=\"32px\" viewbox=\"0 0 512 512\"><!--! Font Awesome Free 6.4.0 by @fontawesome - https:\/\/fontawesome.com License - https:\/\/fontawesome.com\/license\/free (Icons: CC BY 4.0, Fonts: SIL OFL 1.1, Code: MIT License) Copyright 2023 Fonticons, Inc. --><path d=\"M200 32H56C42.7 32 32 42.7 32 56V200c0 9.7 5.8 18.5 14.8 22.2s19.3 1.7 26.2-5.2l40-40 79 79-79 79L73 295c-6.9-6.9-17.2-8.9-26.2-5.2S32 302.3 32 312V456c0 13.3 10.7 24 24 24H200c9.7 0 18.5-5.8 22.2-14.8s1.7-19.3-5.2-26.2l-40-40 79-79 79 79-40 40c-6.9 6.9-8.9 17.2-5.2 26.2s12.5 14.8 22.2 14.8H456c13.3 0 24-10.7 24-24V312c0-9.7-5.8-18.5-14.8-22.2s-19.3-1.7-26.2 5.2l-40 40-79-79 79-79 40 40c6.9 6.9 17.2 8.9 26.2 5.2s14.8-12.5 14.8-22.2V56c0-13.3-10.7-24-24-24H312c-9.7 0-18.5 5.8-22.2 14.8s-1.7 19.3 5.2 26.2l40 40-79 79-79-79 40-40c6.9-6.9 8.9-17.2 5.2-26.2S209.7 32 200 32z\"\/><\/svg>\n\t\t\t\t\t<span class=\"wpforms-icon-choices-icon-bg\"><\/span>\n\t\t\t\t<\/span>\n\t\t\t\t<input type=\"radio\" id=\"wpforms-561-field_12_6\" class=\"wpforms-screen-reader-element\" name=\"wpforms[fields][12]\" value=\"Poseben transport - VE\u010cJE DIMENZIJE EXPRESS\" autocomplete=\"off\"  >\n\t\t\t\t<span class=\"wpforms-icon-choices-label\">Poseben transport - VE\u010cJE DIMENZIJE EXPRESS<\/span>\n\t\t\t<\/label><\/li><\/ul><\/div><div id=\"wpforms-561-field_10-container\" class=\"wpforms-field wpforms-field-text\" data-field-id=\"10\"><label class=\"wpforms-field-label\" for=\"wpforms-561-field_10\">Datum prevzema <span class=\"wpforms-required-label\">*<\/span><\/label><input type=\"text\" id=\"wpforms-561-field_10\" class=\"wpforms-field-medium wpforms-field-required wpforms-masked-input\" data-rule-inputmask-incomplete=\"1\" data-inputmask-alias=\"datetime\" data-inputmask-inputformat=\"dd.mm.yy\" data-inputmask-inputmode=\"numeric\" name=\"wpforms[fields][10]\" required><div class=\"wpforms-field-description\">Kdaj bo va\u0161a po\u0161iljka pripravljena na prevzem<\/div><\/div><div id=\"wpforms-561-field_4-container\" class=\"wpforms-field wpforms-field-text\" data-field-id=\"4\"><label class=\"wpforms-field-label\" for=\"wpforms-561-field_4\">Naslov prevzema <span class=\"wpforms-required-label\">*<\/span><\/label><input type=\"text\" id=\"wpforms-561-field_4\" class=\"wpforms-field-medium wpforms-field-required\" name=\"wpforms[fields][4]\" required><div class=\"wpforms-field-description\">Prosimo vpi\u0161ite naslov, po\u0161tno \u0161tevilko in dr\u017eavo prevzema tovora. \u010ce nimate vseh podatkov je po\u0161tna \u0161tevilka in dr\u017eava dovolj.<\/div><\/div><div id=\"wpforms-561-field_11-container\" class=\"wpforms-field wpforms-field-text\" data-field-id=\"11\"><label class=\"wpforms-field-label\" for=\"wpforms-561-field_11\">Datum dostave <span class=\"wpforms-required-label\">*<\/span><\/label><input type=\"text\" id=\"wpforms-561-field_11\" class=\"wpforms-field-medium wpforms-field-required wpforms-masked-input\" data-rule-inputmask-incomplete=\"1\" data-inputmask-alias=\"datetime\" data-inputmask-inputformat=\"dd.mm.yy\" data-inputmask-inputmode=\"numeric\" name=\"wpforms[fields][11]\" required><div class=\"wpforms-field-description\">Kdaj je za\u017eeljena dostava?<\/div><\/div><div id=\"wpforms-561-field_6-container\" class=\"wpforms-field wpforms-field-text\" data-field-id=\"6\"><label class=\"wpforms-field-label\" for=\"wpforms-561-field_6\">Naslov dostave <span class=\"wpforms-required-label\">*<\/span><\/label><input type=\"text\" id=\"wpforms-561-field_6\" class=\"wpforms-field-medium wpforms-field-required\" name=\"wpforms[fields][6]\" required><div class=\"wpforms-field-description\">Prosimo vpi\u0161ite naslov, po\u0161tno \u0161tevilko in dr\u017eavo dostave tovora. \u010ce nimate vseh podatkov je po\u0161tna \u0161tevilka in dr\u017eava dovolj.<\/div><\/div><div id=\"wpforms-561-field_7-container\" class=\"wpforms-field wpforms-field-textarea\" data-field-id=\"7\"><label class=\"wpforms-field-label\" for=\"wpforms-561-field_7\">Dimenzije, opis in te\u017ea tovora <span class=\"wpforms-required-label\">*<\/span><\/label><textarea id=\"wpforms-561-field_7\" class=\"wpforms-field-medium wpforms-field-required\" name=\"wpforms[fields][7]\" required><\/textarea><div class=\"wpforms-field-description\">Prosimo podajte \u010dim ve\u010d informacij o tovoru, da vam lahko pripravimo primerno ponudbo.<\/div><\/div><div id=\"wpforms-561-field_2-container\" class=\"wpforms-field wpforms-field-textarea\" data-field-id=\"2\"><label class=\"wpforms-field-label\" for=\"wpforms-561-field_2\">Dodatne informacije<\/label><textarea id=\"wpforms-561-field_2\" class=\"wpforms-field-medium\" name=\"wpforms[fields][2]\" ><\/textarea><div class=\"wpforms-field-description\">Tukaj prosim navedite dodatne informacije o povpra\u0161evanju, to\u010dne termine prevzema in dostave, kontakte in reference.<\/div><\/div><\/div><!-- .wpforms-field-container --><div class=\"wpforms-submit-container\" ><input type=\"hidden\" name=\"wpforms[id]\" value=\"561\"><input type=\"hidden\" name=\"page_title\" value=\"\"><input type=\"hidden\" name=\"page_url\" value=\"https:\/\/sb-logistika.si\/de\/wp-json\/wp\/v2\/pages\/740\"><button type=\"submit\" name=\"wpforms[submit]\" id=\"wpforms-submit-561\" class=\"wpforms-submit\" data-alt-text=\"Po\u0161ljianje...\" data-submit-text=\"Po\u0161lji povpra\u0161evanje\" aria-live=\"assertive\" value=\"wpforms-submit\">Po\u0161lji povpra\u0161evanje<\/button><img decoding=\"async\" src=\"https:\/\/sb-logistika.si\/wp-content\/plugins\/wpforms-lite\/assets\/images\/submit-spin.svg\" class=\"wpforms-submit-spinner\" style=\"display: none;\" width=\"26\" height=\"26\" alt=\"Wird geladen\"><\/div><input type=\"hidden\" name=\"trp-form-language\" value=\"de\"\/><\/form><\/div>  <!-- .wpforms-container -->\t\t<\/div>\n\t\t\t\t<\/div>\n\t\t\t\t\t<\/div>\n\t\t\t\t<\/div>\n\t\t<div class=\"elementor-element elementor-element-8263ad3 e-flex e-con-boxed e-con e-parent\" data-id=\"8263ad3\" data-element_type=\"container\">\n\t\t\t\t\t<div class=\"e-con-inner\">\n\t\t\t\t\t<\/div>\n\t\t\t\t<\/div>\n\t\t\t\t<\/div>","protected":false},"excerpt":{"rendered":"<p>Povpra\u0161evanje za \u200bprevoz Ponudbo boste prejeli ekpresno hitro. \u017delim ponudbo za skladi\u0161\u010denje Please enable JavaScript in your browser to complete this form.Epo\u0161ta *Vpi\u0161ite va\u0161 epo\u0161tni naslov. V primeru napa\u010dnega naslova, povpra\u0161evanje ne bo poslano.Ime in priimek *PodjetjeVnesite ime podjetjaVrsta prevoza Zbirni transport &#8211; MANJ\u0160E DIMENZIJE OPTIMALNA CENA Express transport &#8211; OD VRAT DO VRAT 24\/7 [&hellip;]<\/p>","protected":false},"author":1,"featured_media":0,"parent":0,"menu_order":0,"comment_status":"closed","ping_status":"closed","template":"","meta":{"site-sidebar-layout":"no-sidebar","site-content-layout":"page-builder","ast-site-content-layout":"full-width-container","site-content-style":"default","site-sidebar-style":"default","ast-global-header-display":"","ast-banner-title-visibility":"","ast-main-header-display":"","ast-hfb-above-header-display":"","ast-hfb-below-header-display":"","ast-hfb-mobile-header-display":"","site-post-title":"disabled","ast-breadcrumbs-content":"","ast-featured-img":"disabled","footer-sml-layout":"","theme-transparent-header-meta":"","adv-header-id-meta":"","stick-header-meta":"","header-above-stick-meta":"","header-main-stick-meta":"","header-below-stick-meta":"","astra-migrate-meta-layouts":"set","ast-page-background-enabled":"default","ast-page-background-meta":{"desktop":{"background-color":"","background-image":"","background-repeat":"repeat","background-position":"center center","background-size":"auto","background-attachment":"scroll","background-type":"","background-media":"","overlay-type":"","overlay-color":"","overlay-opacity":"","overlay-gradient":""},"tablet":{"background-color":"","background-image":"","background-repeat":"repeat","background-position":"center center","background-size":"auto","background-attachment":"scroll","background-type":"","background-media":"","overlay-type":"","overlay-color":"","overlay-opacity":"","overlay-gradient":""},"mobile":{"background-color":"","background-image":"","background-repeat":"repeat","background-position":"center center","background-size":"auto","background-attachment":"scroll","background-type":"","background-media":"","overlay-type":"","overlay-color":"","overlay-opacity":"","overlay-gradient":""}},"ast-content-background-meta":{"desktop":{"background-color":"var(--ast-global-color-5)","background-image":"","background-repeat":"repeat","background-position":"center center","background-size":"auto","background-attachment":"scroll","background-type":"","background-media":"","overlay-type":"","overlay-color":"","overlay-opacity":"","overlay-gradient":""},"tablet":{"background-color":"var(--ast-global-color-5)","background-image":"","background-repeat":"repeat","background-position":"center center","background-size":"auto","background-attachment":"scroll","background-type":"","background-media":"","overlay-type":"","overlay-color":"","overlay-opacity":"","overlay-gradient":""},"mobile":{"background-color":"var(--ast-global-color-5)","background-image":"","background-repeat":"repeat","background-position":"center center","background-size":"auto","background-attachment":"scroll","background-type":"","background-media":"","overlay-type":"","overlay-color":"","overlay-opacity":"","overlay-gradient":""}},"footnotes":""},"class_list":["post-740","page","type-page","status-publish","hentry"],"_links":{"self":[{"href":"https:\/\/sb-logistika.si\/de\/wp-json\/wp\/v2\/pages\/740","targetHints":{"allow":["GET"]}}],"collection":[{"href":"https:\/\/sb-logistika.si\/de\/wp-json\/wp\/v2\/pages"}],"about":[{"href":"https:\/\/sb-logistika.si\/de\/wp-json\/wp\/v2\/types\/page"}],"author":[{"embeddable":true,"href":"https:\/\/sb-logistika.si\/de\/wp-json\/wp\/v2\/users\/1"}],"replies":[{"embeddable":true,"href":"https:\/\/sb-logistika.si\/de\/wp-json\/wp\/v2\/comments?post=740"}],"version-history":[{"count":100,"href":"https:\/\/sb-logistika.si\/de\/wp-json\/wp\/v2\/pages\/740\/revisions"}],"predecessor-version":[{"id":2276,"href":"https:\/\/sb-logistika.si\/de\/wp-json\/wp\/v2\/pages\/740\/revisions\/2276"}],"wp:attachment":[{"href":"https:\/\/sb-logistika.si\/de\/wp-json\/wp\/v2\/media?parent=740"}],"curies":[{"name":"wp","href":"https:\/\/api.w.org\/{rel}","templated":true}]}}