{"id":3,"date":"2024-02-05T20:47:47","date_gmt":"2024-02-05T20:47:47","guid":{"rendered":"https:\/\/sb-logistika.si\/?page_id=3"},"modified":"2024-02-07T09:03:01","modified_gmt":"2024-02-07T09:03:01","slug":"privacy-policy","status":"publish","type":"page","link":"https:\/\/sb-logistika.si\/de\/privacy-policy\/","title":{"rendered":"Varstvo podatkov in splo\u0161ni pogoji"},"content":{"rendered":"<h1 class=\"wp-block-heading\" style=\"font-style:normal;font-weight:600\">SPREJEM SPLO\u0160NIH POGOJEV UPORABE<\/h1>\n\n\n\n<p>Spletni portal www.sb-logistika.si upravlja dru\u017eba SB Logistika d.o.o., v nadaljevanju podjetje.<br>Tr\u017ea\u0161ka cesta 37, 2000 Maribor,  Slovenija \/ EU, <br>D\u0160: SI78005043<br>M\u0160: 8143722000<br>S sprejemom Splo\u0161nih pogojev uporabe ter z dostopom do spletnega mesta in njegovo uporabo<br>sogla\u0161ate z uporabo pi\u0161kotkov. To soglasje za uporabo na\u0161ih pi\u0161kotkov ste morda \u017ee podali z<br>nastavitvami v svojem spletnem brskalniku.<\/p>\n\n\n\n<h1 class=\"wp-block-heading\" style=\"font-style:normal;font-weight:600\">KOLIKO \u010cASA HRANIMO VA\u0160E OSEBNE PODATKE?<\/h1>\n\n\n\n<p>Va\u0161e osebne podatke hranimo toliko \u010dasa, kolikor je potrebno za zagotavljanje zahtevanih storitev in izdelkov. Ko se na\u0161e razmerje kon\u010da, bomo va\u0161e osebne podatke izbrisali ali jih anonimizirali, razen \u010de jih moramo hraniti po zakonu (npr. v dav\u010dne namene). Va\u0161e kontakte podatke in podatke o zanimanju za na\u0161e izdelke ali storitve lahko hranimo dalj\u0161e \u010dasovno obdobje, \u010de vam podjetje lahko po\u0161ilja marketin\u0161ka gradiva. Lahko nam narekuje tudi veljavna zakonodaja, da moramo nekatere va\u0161e osebne podatke hraniti 10 let po koncu relevantnega dav\u010dnega leta. Va\u0161e osebne podatke lahko po prenehanju pogodbenega razmerja hranimo tudi, \u010de so va\u0161i osebni podatki potrebni za izpolnjevanje drugih veljavnih zakonskih zahtev ali \u010de va\u0161e osebne podatke potrebujemo za uveljavljanje, izvajanje ali obrambo pravnih zahtevkov, vendar le v potrebni meri. Po koncu pogodbenega razmerja bomo obdelavo va\u0161ih osebnih podatkov v tak\u0161ne omejene namene kar se da omejili.<\/p>\n\n\n\n<h1 class=\"wp-block-heading\" style=\"font-style:normal;font-weight:600\"><strong>VARSTVO OSEBNIH PODATKOV<\/strong><\/h1>\n\n\n\n<p>V podjetju SB Logistika d.o.o. se zavedamo zasebnosti na\u0161ih obiskovalcev in jo spo\u0161tujemo, zato z njihovimi osebnimi podatki ravnamo odgovorno, pazljivo ter skladno s predpisi in interimni akti, veljavnimi v Republiki Sloveniji in Evropski uniji. Dostop do osebnih podatkov je dovoljen le poobla\u0161\u010denim zaposlenim in pogodbenim obdelovalcem, v obsegu in z namenom, ki je nujno potreben za nemoteno izvajanje delovnih procesov, zagotavljanje storitev ter izpolnjevanje pravic in obveznosti iz pogodbenih razmerij, sklenjenih s stranko.<br>Zavezujemo se, da osebnih podatkov, ki jih posredujete prek spletnih strani ali kakorkoli druga\u010de, ne bomo prodajali, posojali ali kakorkoli druga\u010de posredovali tretjim osebam. Vsi podatki bodo obravnavani zaupno in bodo uporabljeni zgolj za interno evidenco in v namen, zaradi katerega so bili posredovani. Va\u0161i podatki bodo skrbno varovani pred izgubo, zlorabo, nepoobla\u0161\u010denim dostopom, razkrivanjem, spreminjanjem ali uni\u010denjem.<br>Podjetje pridobiva osebne podatke posameznikov iz razli\u010dnih virov. V ve\u010dini primerov nam jih neposredno posredujejo obiskovalci, ki se odlo\u010dijo za na\u0161e storitve. Pridobivamo pa jih tudi s prijavo na prejemanje novic.<\/p>\n\n\n\n<h1 class=\"wp-block-heading\"><strong>KATERE VRSTE OSEBNIH PODATKOV ZBIRAMO IN OBDELUJEMO<\/strong><\/h1>\n\n\n\n<p>V okviru opravljanja svoje dejavnosti zbiramo in obdelujemo naslednje vrste osebnih podatkov: ime in priimek, kontaktni podatki (naslov, elektronski naslov, telefonska \u0161tevilka), spletni pi\u0161kotki, IP-naslov naprave, s katere se prijavljate, ter drugi podatki, ki jih vnesete v obrazec za registracijo ali ob nakupu. Podjetje ne odgovarja za to\u010dnost podatkov, ki jih vnese uporabnik.<\/p>\n\n\n\n<h1 class=\"wp-block-heading\"><strong>PRAVNE PODLAGE OBDELAVE OSEBNIH PODATKOV IN NAMENI OBDELAVE<\/strong><\/h1>\n\n\n\n<p>1.\u00a0<strong>Obdelava osebnih podatkov za potrebe izvajanja storitev:<\/strong>\u00a0SB Logistika d.o.o. obdeluje zbrane osebne podatke posameznikov za namene izvajanja storitev, tj. izpolnitve naro\u010dila (kot npr. obve\u0161\u010danje o datumu in uri dostave, po\u0161iljanje informativnega gradiva, ra\u010dunov, vse v zvezi z naro\u010dilom) ter za spremljanje zadovoljstva strank (vklju\u010dno z reklamacijami) in drugo z naro\u010dilom povezano in potrebno komunikacijo prek razli\u010dnih kanalov.<br>2.\u00a0<strong>Obdelava osebnih podatkov na podlagi privolitve stranke:<\/strong><br>\u25e6 Obdelava osebnih podatkov lahko temelji tudi na konkretni privolitvi posameznika, ki podjetju omogo\u010da uporabo njegovih osebnih podatkov za namene, opredeljene v privolitvi, in sicer za:<br>\u25e6 prejemanje splo\u0161nih novic, in sicer o novostih, ugodnostih, ponudbah, vabila in sodelovanje v nagradnih igrah ter pri anketiranju in raziskavah;<br>\u010ce posameznik ne poda privolitve za izvajanje zgoraj na\u0161tetih namenov obdelave osebnih podatkov, ga poda delno ali soglasje (delno) prekli\u010de, bo podjetje tak\u0161nega posameznika obve\u0161\u010dal le v primerih in v obsegu dane privolitve oziroma tako, kot dovoljuje veljavna zakonodaja (npr. splo\u0161no obve\u0161\u010danje, izpolnjevanje obveznosti glede obve\u0161\u010danja o produktu oz. storitvi, ki jo stranka uporablja). Zagotavljanje storitev ni pogojeno s podajo privolitve. Podaja privolitve je prostovoljna in \u010de se posameznik odlo\u010di, da je ne \u017eeli podati ali jo pozneje prekli\u010de, to v nobenem primeru ne zmanj\u0161uje pravic, ki izhajajo iz poslovnega razmerja. Za posameznika to ne predstavlja dodatnih stro\u0161kov ali ote\u017eevalnih okoli\u0161\u010din. Podjetje zagotavlja, da bodo storitve izvajane v skladu z veljavnimi zakoni in regulacijami, ne glede na to, ali posameznik poda ali prekli\u010de privolitev za dodatne namene obdelave osebnih podatkov.<\/p>\n\n\n\n<h1 class=\"wp-block-heading\"><strong>PREKLIC PRIVOLITVE POSAMEZNIKA<\/strong><\/h1>\n\n\n\n<p>Privolitev je dana za namene, opredeljene v privolitvi, in velja do preklica. Ko posameznik v delu ali v celoti prekli\u010de svojo privolitev, podjetje  njegovih podatkov za namene, za katere je podal preklic, ne bo ve\u010d uporabljal.<br>\u010ce \u017eeli posameznik preklicati privolitev, to lahko stori tako, da preklic po\u0161lje podjetju v taki obliki, kot je dal privolitev (prek spleta na info@sb-logistika.si ali v pisni obliki na naslov podjetja SB Logistika d.o.o.). Preklic privolitve ne vpliva na zakonitost obdelave osebnih podatkov na podlagi privolitve pred njenim preklicem.<br>Posamezniki lahko vedno prekinejo prejemanje posameznih sporo\u010dil podjetja tudi prek komunikacijskega medija, na katerega so prejeli dolo\u010deno sporo\u010dilo. Povezava do odjave oz. informacija, kako odjavo realizirati, je v sporo\u010dilu. Zahteva posameznika po preklicu bo zaznana v sistemu in se bo za\u010dela uveljavljati nemudoma oziroma najpozneje petnajst dni po prejemu.<\/p>\n\n\n\n<h1 class=\"wp-block-heading\" style=\"font-style:normal;font-weight:600\"><strong>KATEGORIJE UPORABNIKOV OSEBNIH PODATKOV<\/strong><\/h1>\n\n\n\n<p>Na\u0161o spletno stran ali aplikacijo lahko uporabljate, ne da bi nam morali posredovati katere koli osebne podatke. V tem primeru podjetje SB Logistika d.o.o. zbira le naslednje metapodatke, ki izvirajo iz va\u0161e uporabe:<\/p>\n\n\n\n<p>Referen\u010dna stran, datum in ura dostopa, koli\u010dina prenesenih podatkov, status prenosa, vrsta spletnega brskalnika, IP naslov, operacijski sistem in vmesnik, jezik in razli\u010dica brskalnika.<\/p>\n\n\n\n<p>S pomo\u010djo va\u0161ega IP naslova vam omogo\u010dimo dostop do na\u0161e spletne strani ali aplikacije. Ko va\u0161ega IP naslova v ta namen ne potrebujemo ve\u010d, ga skraj\u0161amo tako, da odstranimo zadnji oktet va\u0161ega IP naslova. Metapodatke, vklju\u010dno s skraj\u0161anim IP naslovom, uporabljamo za izbolj\u0161anje kakovosti in storitev na\u0161e spletne strani ali aplikacije, tako da analiziramo vedenje uporabnikov.<\/p>\n\n\n\n<p>Uporabniki osebnih podatkov so uslu\u017ebenci, poobla\u0161\u010deni partnerji in pogodbeni obdelovalci podjetja SB Logistika d.o.o., ki so na podlagi delovnopravne zakonodaje, pogodb o obdelavi osebnih podatkov ali pogodb o varovanju zaupnih podatkov zavezani k spo\u0161tovanju in varovanju osebnih podatkov posameznikov. Podrobnej\u0161e informacije o kategorijah uporabnikov, pogodbenih partnerjih in pogodbenih obdelovalcih lahko pridobite na zahtevo pri poobla\u0161\u010deni osebi podjetja.<br>Uporabniki do podatkov dostopajo v skladu z dodeljenimi pravicami dostopa do podatkov.<br>Podjetje osebne podatke posreduje tudi tretjim osebam, \u010de tak\u0161no obveznost posredovanja oziroma razkritja nalaga zakon (na primer Finan\u010dna uprava Republike Slovenije, sodi\u0161\u010da, policija ipd.).<\/p>\n\n\n\n<h1 class=\"wp-block-heading\" style=\"font-style:normal;font-weight:600\">HRAMBA OSEBNIH PODATKOV<\/h1>\n\n\n\n<p>Obdobje hranjenja osebnih podatkov je odvisno od podlage in namena obdelave posamezne kategorije. Osebni podatki so hranjeni le toliko \u010dasa, kolikor je to potrebno za dosego namena, zaradi katerega so bili zbrani ali naprej obdelani. Po izpolnitvi namena obdelave, \u010de ne obstaja druga pravna podlaga ali \u010de je to potrebno za uveljavljanje, izvajanje ali obrambo pravnih zahtevkov, se osebni podatki zbiratelja, SB Logistika d.o.o., zbiratelja izbri\u0161ejo, uni\u010dijo, blokirajo ali anonimizirajo.<\/p>\n\n\n\n<h1 class=\"wp-block-heading\" style=\"font-style:normal;font-weight:600\">TRETJE OSEBE<\/h1>\n\n\n\n<p><strong>Prenos ponudnikom storitev<\/strong><br>Podjetje SB Logistika d.o.o. lahko najame zunanje ponudnike storitev, ki kot obdelovalci podatkov za podjetje SB Logistika d.o.o. opravljajo dolo\u010dene storitve, npr. ponudnike spletnih storitev, ponudnike marketin\u0161kih storitev ali ponudnike ra\u010dunalni\u0161kih storitev. Pri opravljanju teh storitev imajo zunanji ponudniki storitev lahko dostop do va\u0161ih osebnih podatkov ali jih obdelujejo. Od teh zunanjih ponudnikov storitev zahtevamo, da uvedejo in uporabljajo varnostne za\u0161\u010ditne ukrepe, ki zagotavljajo zasebnost in varnost va\u0161ih osebnih podatkov.<\/p>\n\n\n\n<p><strong>Drugi prejemniki<\/strong><br>Podjetje SB Logistika d.o.o. lahko \u2013 v skladu z veljavno zakonodajo o varstvu podatkov \u2013 osebne podatke posreduje organom pregona, dr\u017eavnim organom, pravnim svetovalcem, zunanjim svetovalcem ali poslovnim partnerjem. V primeru zdru\u017eitve ali prevzema dru\u017ebe se lahko osebni podatki prenesejo na tretje osebe, ki so vpletene v zdru\u017eitev ali prevzem.<\/p>\n\n\n\n<p><strong>Mednarodni prenosi osebnih podatkov<\/strong><br>Va\u0161i osebni podatki, ki jih zbiramo ali prejmemo, so lahko posredovani in jih obdelujejo uporabniki, ki se nahajajo znotraj ali zunaj Evropskega gospodarskega prostora (\u00bbEGP\u00ab). Sem spadajo dr\u017eave, ki so navedene na seznamu na http:\/\/ec.europa.eu\/justice\/data-protection\/international-transfers\/adequacy\/index_en.htm, ki zagotavljajo ustrezno raven varstva podatkov z vidika evropske zakonodaje o varstvu podatkov. Uporabnike v ZDA deloma pokriva dogovor med EU in ZDA o za\u0161\u010diti zasebnosti in tako zanje velja, da zagotavljajo ustrezno raven varstva podatkov z vidika evropske zakonodaje o varstvu podatkov. Drugi uporabniki se lahko nahajajo v drugih dr\u017eavah, ki nimajo ustrezne ravni varstva podatkov z vidika evropske zakonodaje o varstvu podatkov. Podjetje bo izvedlo vse potrebne ukrepe za zagotovitev, da bodo prenosi izven EGP ustrezno za\u0161\u010diteni, kot je zahtevano v skladu z veljavno zakonodajo o varstvu podatkov. Prenosi v dr\u017eave, ki ne zagotavljajo ustrezne ravni varstva podatkov, se izvajajo na podlagi ustreznih za\u0161\u010ditnih ukrepov, kot so standardne pogodbene klavzule o varstvu podatkov, ki jih je sprejela Evropska komisija ali nadzorni organ, potrjeni kodeksi ravnanja skupaj z zavezujo\u010dimi in izvr\u0161ljivimi zavezami uporabnika ali odobreni mehanizmi certificiranja skupaj z zavezujo\u010dimi in izvr\u0161ljivimi zavezami uporabnika. Za izvod tak\u0161nih ustreznih za\u0161\u010ditnih ukrepov lahko zaprosite, \u010de stopite v stik z nami, kot je navedeno v 7. to\u010dki spodaj (Kontakt).<\/p>\n\n\n\n<h1 class=\"wp-block-heading\"><strong>PRAVICE STRANK<\/strong><\/h1>\n\n\n\n<p>Podjetje posameznikom, katerih osebne podatke obdeluje, zagotovi mo\u017enost uresni\u010devanja svojih pravic, in sicer:<br>1.\u00a0<strong>Pravica dostopa do osebnih podatkov:<\/strong>\u00a0Posameznik ima pravico dostopa do osebnih podatkov, ki so bili zbrani v zvezi z njim.<br>2.\u00a0<strong>Pravica do popravka:<\/strong>\u00a0Posameznik ima pravico, da Roterdamc Dogodki brez nepotrebnega odla\u0161anja popravi neto\u010dne osebne podatke v zvezi z njim.<br>3.\u00a0<strong>Pravica do izbrisa:<\/strong>\u00a0Posameznik ima pravico, da pri podjetju brez nepotrebnega odla\u0161anja izbri\u0161e osebne podatke v zvezi z njim, kadar velja eden od naslednjih razlogov:<br>\u25e6 Osebni podatki niso ve\u010d potrebni v namene, za katere so bili zbrani ali kako druga\u010de obdelani.<br>\u25e6 Posameznik prekli\u010de privolitev, na podlagi katere poteka obdelava, in kadar za obdelavo ne obstaja nobena druga pravna podlaga.<br>\u25e6 Posameznik obdelavi ugovarja, za njihovo obdelavo pa ne obstajajo nobeni prevladujo\u010di zakoniti razlogi.<br>\u25e6 Osebni podatki so bili obdelani nezakonito.<br>\u25e6 \u010ce tako dolo\u010da zakon.<br>4.\u00a0<strong>Pravica do omejitve obdelave:<\/strong>\u00a0Posameznik ima pravico do omejitve obdelave, kadar velja eden od naslednjih primerov:<br>\u25e6 Posameznik oporeka to\u010dnosti podatkov, za obdobje, ki omogo\u010da preveriti to\u010dnost osebnih podatkov.<br>\u25e6 Obdelava je nezakonita, in posameznik nasprotuje izbrisu osebnih podatkov ter namesto tega zahteva omejitev njihove uporabe.<br>\u25e6 Podjetje osebnih podatkov ne potrebuje ve\u010d za namene obdelave, temve\u010d jih posameznik potrebuje za uveljavljanje, izvajanje ali obrambo pravnih zahtevkov.<br>\u25e6 Posameznik je vlo\u017eil ugovor v zvezi z obdelavo podatkov, dokler se ne preveri, ali zakoniti razlogi upravljavca prevladajo nad razlogi posameznika.<br>Kadar je obdelava osebnih podatkov omejena v skladu s prej\u0161njim odstavkom, se taki osebni podatki razen njihovega shranjevanja obdelujejo le s privolitvijo posameznika, na katerega se ti nana\u0161ajo, ali za uveljavljanje, izvajanje ali obrambo pravnih zahtevkov ali zaradi varovanja pravic druge fizi\u010dne ali pravne osebe. Podjetje mora pred preklicem omejitve obdelave o tem obvestiti posameznika.<\/p>\n\n\n\n<h1 class=\"wp-block-heading\"><strong>VLO\u017dITEV ZAHTEVE ZA URESNI\u010cEVANJE PRAVIC POSAMEZNIKA:<\/strong><\/h1>\n\n\n\n<p>Posameznik lahko vlo\u017ei zahtevo za uresni\u010devanje svojih pravic, ki omogo\u010da njegovo identifikacijo, in sicer preko:<br>1.&nbsp;<strong>Pisne zahteve:<\/strong>&nbsp;Posameznik lahko zahtevo vlo\u017ei s pisno zahtevo.<br>2.&nbsp;<strong>Elektronske po\u0161te:<\/strong>&nbsp;Zahteva se lahko vlo\u017ei tudi prek elektronske po\u0161te.<br>Zahteva v zvezi s podatki, ki so bili dani s privolitvijo, mora biti podana enako, kot je bila dana privolitev.<\/p>\n\n\n\n<h1 class=\"wp-block-heading\"><strong>OBRAVNAVA ZAHTEVE:<\/strong><\/h1>\n\n\n\n<p>Prejete zahteve obravnava oseba, poobla\u0161\u010dena za varovanje osebnih podatkov. SB Logistika d.o.o. je dol\u017eno na zahtevo posameznika odgovoriti brez nepotrebnega odla\u0161anja oziroma najpozneje v enem mesecu.<\/p>\n\n\n\n<h1 class=\"wp-block-heading\"><strong>BREZPLA\u010cNA POSREDOVANJE INFORMACIJ:<\/strong><\/h1>\n\n\n\n<p>Podjetje zahtevane informacije posamezniku posreduje brezpla\u010dno.<\/p>\n\n\n\n<h1 class=\"wp-block-heading\"><strong>PRISTOJBINA IN ZAVRNITEV V PRIMERU NEUTEMELJENIH ZAHTEV:<\/strong><\/h1>\n\n\n\n<p>Kadar so zahteve posameznika o\u010ditno neutemeljene ali pretirane, zlasti ker se ponavljajo, lahko podjetje:<br>1.&nbsp;<strong>Zara\u010duna razumno pristojbino:<\/strong>&nbsp;Pri tem se upo\u0161tevajo administrativni stro\u0161ki posredovanja informacij ali izvajanja zahtevanega ukrepa.<br>2.&nbsp;<strong>Zavrne ukrepanje v zvezi z zahtevo:<\/strong>&nbsp;V tak\u0161nih primerih lahko podjetje zavrne ukrepanje v zvezi z zahtevo posameznika.<\/p>\n\n\n\n<h1 class=\"wp-block-heading\"><strong>UGOVOR V PRIMERU NEPOPOLNE ODLO\u010cITVE UPRAVLJAVCA:<\/strong><\/h1>\n\n\n\n<p>\u010ce posameznik meni, da osebni podatki, ki jih je prejel na podlagi zahteve za uveljavitev svojih pravic, niso tisti, ki jih je zahteval, ali da ni prejel vseh zahtevanih osebnih podatkov, lahko pred vlo\u017eitvijo prito\u017ebe pri SB Logistika d.o.o. v petnajstih dneh vlo\u017ei obrazlo\u017een ugovor. Podjetje je dol\u017eno o ugovoru odlo\u010diti v petih delovnih dneh.<\/p>\n\n\n\n<h1 class=\"wp-block-heading\"><strong>PRITO\u017dBA PRI NADZORNEM ORGANU:<\/strong><\/h1>\n\n\n\n<p>\u010ce posameznik meni, da SB Logistika d.o.o. ni odgovorila na njegovo zahtevo za uveljavljanje pravic v enem mesecu, lahko vlo\u017ei prito\u017ebo pri nadzornem organu zaradi molka upravljavca.<\/p>\n\n\n\n<h1 class=\"wp-block-heading\"><strong>PRITO\u017dBA ZOPER ZAVRNILNI ODGOVOR:<\/strong><\/h1>\n\n\n\n<p>Zoper zavrnilni odgovor upravljavca je mogo\u010da prito\u017eba, za re\u0161evanje katere je pristojen nadzorni organ. Posameznik lahko prito\u017ebo vlo\u017ei pri upravljavcu v petnajstih dneh od prejema zavrnilnega odgovora.<\/p>\n\n\n\n<p>Podjetje se zavezuje, da bo vse zahtevke, ugovore in prito\u017ebe obravnaval v skladu z veljavno zakonodajo in v najkraj\u0161em mo\u017enem \u010dasu.<\/p>\n\n\n\n<h1 class=\"wp-block-heading\"><strong>UPORABA SPLETNE STRANI SB LOGISTIKA d.o.o.:<\/strong><\/h1>\n\n\n\n<p>Ob obisku spletne strani sb-logistika.si se shranjujejo dolo\u010deni podatki (IP-naslov, datum, \u010das, naslov strani, s katere prihajate) na stre\u017enik. Ti podatki so anonimni in se uporabljajo izklju\u010dno za statisti\u010dne obdelave.<br>Spletne strani podjetja uporabljajo tudi \u201cpi\u0161kotke\u201d. To so majhne datoteke, ki se ob obisku na strani shranijo na va\u0161 disk. Pi\u0161kotki vam lahko olaj\u0161ajo nadaljnje obiske strani. Z nastavitvami v va\u0161em brskalniku se lahko odlo\u010dite, ali boste \u201cpi\u0161kotke\u201d sprejeli ali zavrnili.<br>\u010ce \u201cpi\u0161kotkov\u201d ne sprejmete, nekatere spletne strani morda ne bodo prikazane pravilno ali vam ne bo omogo\u010den dostop do vseh informacij ali funkcionalnosti spletnih strani podjetja.<br>Druge informacije:<br>Splo\u0161ni pogoji poslovanja so objavljeni na spletni strani. Uporabnik se z uporabo spletnega mesta ali z nakupom storitev strinja z vsakokratno veljavnimi pravili in splo\u0161nimi pogoji.<br>SB Logistika d.o.o. si pridr\u017euje pravico do sprememb ali dopolnitev teh Splo\u0161nih informacij za zagotavljanje skladnosti s predpisi s podro\u010dja varstva osebnih podatkov.<\/p>\n\n\n\n<h1 class=\"wp-block-heading\">RA\u010cUN<\/h1>\n\n\n\n<p>\u010ce na na\u0161i spletni strani ali v aplikaciji \u017eelite odpreti ra\u010dun, morate vnesti osebne podatke, na primer: ime, po\u0161tni naslov, naslov elektronske po\u0161te, izbrano geslo, telefonska \u0161tevilka, podatki o ban\u010dnem ra\u010dunu, podatki o kreditni kartici, naslov za ra\u010dun in dostavo, zanimanje za dolo\u010dene izdelke\/storitve (neobvezno), prejemanje marketin\u0161kih elektronskih sporo\u010dil (neobvezno). Podjetje SB Logistika d.o.o. tak\u0161ne osebne podatke obdeluje zato, da vam zagotavlja funkcionalnost ra\u010duna, marketin\u0161ka gradiva, kot to dopu\u0161\u010da veljavna zakonodaja, in analizira va\u0161e zanimanje v marketin\u0161ke namene.<\/p>\n\n\n\n<h1 class=\"wp-block-heading\"><strong>IZKLJU\u010cITEV ODGOVORNOSTI:<\/strong><\/h1>\n\n\n\n<p>Spletne strani sb-logistika.si so postavljene in vzdr\u017eevane z najve\u010djo mo\u017eno mero skrbnosti. Kljub temu podjetje ne more jam\u010diti za a\u017eurnost, to\u010dnost ali pravilnost vseh informacij na straneh. Vse informacije na spletnih straneh se lahko spremenijo brez predhodnega obvestila.<br>Prav tako podjetje ne sprejema odgovornosti za kakr\u0161nokoli \u0161kodo, ki bi neposredno ali posredno nastala zaradi uporabe, nepravilnega delovanja in\/ali nedostopnosti teh spletnih strani.<br>V primeru sklicevanja ali povezovanja teh spletnih strani z drugimi, ki so v lasti ali upravljanju tretjih oseb, podjetje ne prevzema odgovornosti za vsebino ali pravilnost delovanja teh spletnih strani.<\/p>\n\n\n\n<h1 class=\"wp-block-heading\"><strong>AVTORSKE PRAVICE:<\/strong><\/h1>\n\n\n\n<p>\u00a9 Copyright 2024 Vsa besedila, slike, grafike, animacije in drugi dokumenti, ki jih vsebujejo spletne strani Podjetje, so v zakonsko dovoljenem okviru predmet avtorske za\u0161\u010dite ali druge oblike za\u0161\u010dite intelektualne lastnine.<br>Vsebino spletnih strani ni dovoljeno kopirati, razpe\u010davati, spreminjati ali na kakr\u0161enkoli drug na\u010din reproducirati, razen v primeru pisnega soglasja podjetja, ki aktivno uveljavlja svoje pravice do intelektualne lastnine v najve\u010dji mo\u017eni meri, ki jo dovoljuje zakon.<\/p>\n\n\n\n<h1 class=\"wp-block-heading\" style=\"font-style:normal;font-weight:600\">KONTAKT<\/h1>\n\n\n\n<p>\u010ce imate pomisleke ali vpra\u0161anja v zvezi s Pravilnikom o zasebnosti in splo\u0161nimi pogoji, stopite v stik z nami:<br>SB Logistika d.o.o., Tr\u017ea\u0161ka cesta 37, 2000 Maribor ali preko elektronske po\u0161te na naslov&nbsp;info@<strong>@sb-logistika.si.<\/strong><\/p>","protected":false},"excerpt":{"rendered":"<p>SPREJEM SPLO\u0160NIH POGOJEV UPORABE Spletni portal www.sb-logistika.si upravlja dru\u017eba SB Logistika d.o.o., v nadaljevanju podjetje.Tr\u017ea\u0161ka cesta 37, 2000 Maribor, Slovenija \/ EU, D\u0160: SI78005043M\u0160: 8143722000S sprejemom Splo\u0161nih pogojev uporabe ter z dostopom do spletnega mesta in njegovo uporabosogla\u0161ate z uporabo pi\u0161kotkov. To soglasje za uporabo na\u0161ih pi\u0161kotkov ste morda \u017ee podali znastavitvami v svojem spletnem [&hellip;]<\/p>","protected":false},"author":1,"featured_media":0,"parent":0,"menu_order":0,"comment_status":"closed","ping_status":"closed","template":"","meta":{"site-sidebar-layout":"default","site-content-layout":"","ast-site-content-layout":"default","site-content-style":"default","site-sidebar-style":"default","ast-global-header-display":"","ast-banner-title-visibility":"","ast-main-header-display":"","ast-hfb-above-header-display":"","ast-hfb-below-header-display":"","ast-hfb-mobile-header-display":"","site-post-title":"","ast-breadcrumbs-content":"","ast-featured-img":"","footer-sml-layout":"","theme-transparent-header-meta":"","adv-header-id-meta":"","stick-header-meta":"","header-above-stick-meta":"","header-main-stick-meta":"","header-below-stick-meta":"","astra-migrate-meta-layouts":"set","ast-page-background-enabled":"default","ast-page-background-meta":{"desktop":{"background-color":"","background-image":"","background-repeat":"repeat","background-position":"center center","background-size":"auto","background-attachment":"scroll","background-type":"","background-media":"","overlay-type":"","overlay-color":"","overlay-opacity":"","overlay-gradient":""},"tablet":{"background-color":"","background-image":"","background-repeat":"repeat","background-position":"center center","background-size":"auto","background-attachment":"scroll","background-type":"","background-media":"","overlay-type":"","overlay-color":"","overlay-opacity":"","overlay-gradient":""},"mobile":{"background-color":"","background-image":"","background-repeat":"repeat","background-position":"center center","background-size":"auto","background-attachment":"scroll","background-type":"","background-media":"","overlay-type":"","overlay-color":"","overlay-opacity":"","overlay-gradient":""}},"ast-content-background-meta":{"desktop":{"background-color":"var(--ast-global-color-5)","background-image":"","background-repeat":"repeat","background-position":"center center","background-size":"auto","background-attachment":"scroll","background-type":"","background-media":"","overlay-type":"","overlay-color":"","overlay-opacity":"","overlay-gradient":""},"tablet":{"background-color":"var(--ast-global-color-5)","background-image":"","background-repeat":"repeat","background-position":"center center","background-size":"auto","background-attachment":"scroll","background-type":"","background-media":"","overlay-type":"","overlay-color":"","overlay-opacity":"","overlay-gradient":""},"mobile":{"background-color":"var(--ast-global-color-5)","background-image":"","background-repeat":"repeat","background-position":"center center","background-size":"auto","background-attachment":"scroll","background-type":"","background-media":"","overlay-type":"","overlay-color":"","overlay-opacity":"","overlay-gradient":""}},"footnotes":""},"class_list":["post-3","page","type-page","status-publish","hentry"],"_links":{"self":[{"href":"https:\/\/sb-logistika.si\/de\/wp-json\/wp\/v2\/pages\/3","targetHints":{"allow":["GET"]}}],"collection":[{"href":"https:\/\/sb-logistika.si\/de\/wp-json\/wp\/v2\/pages"}],"about":[{"href":"https:\/\/sb-logistika.si\/de\/wp-json\/wp\/v2\/types\/page"}],"author":[{"embeddable":true,"href":"https:\/\/sb-logistika.si\/de\/wp-json\/wp\/v2\/users\/1"}],"replies":[{"embeddable":true,"href":"https:\/\/sb-logistika.si\/de\/wp-json\/wp\/v2\/comments?post=3"}],"version-history":[{"count":8,"href":"https:\/\/sb-logistika.si\/de\/wp-json\/wp\/v2\/pages\/3\/revisions"}],"predecessor-version":[{"id":474,"href":"https:\/\/sb-logistika.si\/de\/wp-json\/wp\/v2\/pages\/3\/revisions\/474"}],"wp:attachment":[{"href":"https:\/\/sb-logistika.si\/de\/wp-json\/wp\/v2\/media?parent=3"}],"curies":[{"name":"wp","href":"https:\/\/api.w.org\/{rel}","templated":true}]}}