{"id":2145,"date":"2024-08-18T12:28:50","date_gmt":"2024-08-18T12:28:50","guid":{"rendered":"https:\/\/sb-logistika.si\/?page_id=2145"},"modified":"2024-08-18T13:24:42","modified_gmt":"2024-08-18T13:24:42","slug":"povprasevanje-najem","status":"publish","type":"page","link":"https:\/\/sb-logistika.si\/de\/povprasevanje-najem\/","title":{"rendered":"Povpra\u0161evanje za najem"},"content":{"rendered":"<div data-elementor-type=\"wp-page\" data-elementor-id=\"2145\" class=\"elementor elementor-2145\">\n\t\t\t\t\t\t<section class=\"elementor-section elementor-top-section elementor-element elementor-element-7444518 elementor-section-boxed elementor-section-height-default elementor-section-height-default\" data-id=\"7444518\" data-element_type=\"section\" data-settings=\"{&quot;background_background&quot;:&quot;gradient&quot;}\">\n\t\t\t\t\t\t\t<div class=\"elementor-background-overlay\"><\/div>\n\t\t\t\t\t\t\t<div class=\"elementor-container elementor-column-gap-no\">\n\t\t\t\t\t<div class=\"elementor-column elementor-col-50 elementor-top-column elementor-element elementor-element-60307b3\" data-id=\"60307b3\" data-element_type=\"column\">\n\t\t\t<div class=\"elementor-widget-wrap elementor-element-populated\">\n\t\t\t\t\t\t<div class=\"elementor-element elementor-element-cbf063a uael-dual-heading-align-left elementor-widget elementor-widget-uael-dual-color-heading\" data-id=\"cbf063a\" data-element_type=\"widget\" data-widget_type=\"uael-dual-color-heading.default\">\n\t\t\t\t<div class=\"elementor-widget-container\">\n\t\t\t\t\t\t\t<div class=\"uael-module-content uael-dual-color-heading uael-heading-stack-none\" data-bg_text=\"NAJEM\">\n\t\t\t<h1>\n\t\t\t\t\t\t\t\t\t\t\t\t\t\t\t\t<span class=\"uael-before-heading\"><span class=\"elementor-inline-editing uael-dual-heading-text uael-first-text\" data-elementor-setting-key=\"before_heading_text\" data-elementor-inline-editing-toolbar=\"basic\">Povpra\u0161evanje za<\/span><\/span><span class=\"uael-adv-heading-stack\"><span class=\"elementor-inline-editing uael-dual-heading-text uael-highlight-text\" data-elementor-setting-key=\"second_heading_text\" data-elementor-inline-editing-toolbar=\"basic\">najem<\/span><\/span>\t\t\t\t\t\t\t\t\t\t\t\t\t<\/h1>\n\t\t<\/div>\n\t\t\t\t<\/div>\n\t\t\t\t<\/div>\n\t\t\t\t<div class=\"elementor-element elementor-element-3aca78d elementor-widget elementor-widget-heading\" data-id=\"3aca78d\" data-element_type=\"widget\" data-widget_type=\"heading.default\">\n\t\t\t\t<div class=\"elementor-widget-container\">\n\t\t\t<style>\/*! elementor - v3.23.0 - 05-08-2024 *\/\n.elementor-heading-title{padding:0;margin:0;line-height:1}.elementor-widget-heading .elementor-heading-title[class*=elementor-size-]>a{color:inherit;font-size:inherit;line-height:inherit}.elementor-widget-heading .elementor-heading-title.elementor-size-small{font-size:15px}.elementor-widget-heading .elementor-heading-title.elementor-size-medium{font-size:19px}.elementor-widget-heading .elementor-heading-title.elementor-size-large{font-size:29px}.elementor-widget-heading .elementor-heading-title.elementor-size-xl{font-size:39px}.elementor-widget-heading .elementor-heading-title.elementor-size-xxl{font-size:59px}<\/style><h6 class=\"elementor-heading-title elementor-size-default\">Povpra\u0161evanje za najem tovornega vozila \u2014  B kategorija<\/h6>\t\t<\/div>\n\t\t\t\t<\/div>\n\t\t\t\t\t<\/div>\n\t\t<\/div>\n\t\t\t\t<div class=\"elementor-column elementor-col-50 elementor-top-column elementor-element elementor-element-536c20b\" data-id=\"536c20b\" data-element_type=\"column\">\n\t\t\t<div class=\"elementor-widget-wrap elementor-element-populated\">\n\t\t\t\t\t\t<div class=\"elementor-element elementor-element-6569361 elementor-align-right elementor-mobile-align-center elementor-widget__width-initial animated-fast elementor-invisible elementor-widget elementor-widget-button\" data-id=\"6569361\" data-element_type=\"widget\" data-settings=\"{&quot;_animation&quot;:&quot;fadeIn&quot;}\" data-widget_type=\"button.default\">\n\t\t\t\t<div class=\"elementor-widget-container\">\n\t\t\t\t\t<div class=\"elementor-button-wrapper\">\n\t\t\t<a class=\"elementor-button elementor-button-link elementor-size-xs\" href=\"https:\/\/sb-logistika.si\/de\/povprasevanje\/\">\n\t\t\t\t\t\t<span class=\"elementor-button-content-wrapper\">\n\t\t\t\t\t\t\t\t\t<span class=\"elementor-button-text\">Pridobi ponudbo za prevoz ali skladi\u0161\u010denje<\/span>\n\t\t\t\t\t<\/span>\n\t\t\t\t\t<\/a>\n\t\t<\/div>\n\t\t\t\t<\/div>\n\t\t\t\t<\/div>\n\t\t\t\t\t<\/div>\n\t\t<\/div>\n\t\t\t\t\t<\/div>\n\t\t<\/section>\n\t\t<div class=\"elementor-element elementor-element-f08e03c e-flex e-con-boxed e-con e-parent\" data-id=\"f08e03c\" data-element_type=\"container\">\n\t\t\t\t\t<div class=\"e-con-inner\">\n\t\t\t\t<div class=\"elementor-element elementor-element-444b87f elementor-widget elementor-widget-wpforms\" data-id=\"444b87f\" data-element_type=\"widget\" data-widget_type=\"wpforms.default\">\n\t\t\t\t<div class=\"elementor-widget-container\">\n\t\t\t<div class=\"wpforms-container\" id=\"wpforms-2147\"><form id=\"wpforms-form-2147\" class=\"wpforms-validate wpforms-form wpforms-ajax-form\" data-formid=\"2147\" method=\"post\" enctype=\"multipart\/form-data\" action=\"\/de\/wp-json\/wp\/v2\/pages\/2145\" data-token=\"4e3e950aa5620910f4f3388e87a919bd\" data-token-time=\"1776780608\" data-trp-original-action=\"\/de\/wp-json\/wp\/v2\/pages\/2145\"><noscript class=\"wpforms-error-noscript\">Bitte aktiviere JavaScript in deinem Browser, um dieses Formular fertigzustellen.<\/noscript><div class=\"wpforms-field-container\"><div id=\"wpforms-2147-field_4-container\" class=\"wpforms-field wpforms-field-email\" data-field-id=\"4\"><label class=\"wpforms-field-label\" for=\"wpforms-2147-field_4\">Epo\u0161ta <span class=\"wpforms-required-label\">*<\/span><\/label><input type=\"email\" id=\"wpforms-2147-field_4\" class=\"wpforms-field-medium wpforms-field-required\" name=\"wpforms[fields][4]\" spellcheck=\"false\" required><\/div><div id=\"wpforms-2147-field_5-container\" class=\"wpforms-field wpforms-field-text\" data-field-id=\"5\"><label class=\"wpforms-field-label\" for=\"wpforms-2147-field_5\">Ime in priimek <span class=\"wpforms-required-label\">*<\/span><\/label><input type=\"text\" id=\"wpforms-2147-field_5\" class=\"wpforms-field-medium wpforms-field-required\" name=\"wpforms[fields][5]\" required><\/div><div id=\"wpforms-2147-field_6-container\" class=\"wpforms-field wpforms-field-text\" data-field-id=\"6\"><label class=\"wpforms-field-label\" for=\"wpforms-2147-field_6\">Ime podjetja<\/label><input type=\"text\" id=\"wpforms-2147-field_6\" class=\"wpforms-field-medium\" name=\"wpforms[fields][6]\" ><\/div><div id=\"wpforms-2147-field_1-container\" class=\"wpforms-field wpforms-field-radio wpforms-list-inline\" data-field-id=\"1\"><label class=\"wpforms-field-label\" for=\"wpforms-2147-field_1\">Tip vozila <span class=\"wpforms-required-label\">*<\/span><\/label><ul id=\"wpforms-2147-field_1\" class=\"wpforms-field-required wpforms-icon-choices wpforms-icon-choices-default wpforms-icon-choices-medium\" style=\"--wpforms-icon-choices-color: #0170b9;\"><li class=\"choice-1 depth-1 wpforms-icon-choices-item\"><label class=\"wpforms-field-label-inline\" for=\"wpforms-2147-field_1_1\">\n\t\t\t\t<span class=\"wpforms-icon-choices-icon\">\n\t\t\t\t\t<svg xmlns=\"http:\/\/www.w3.org\/2000\/svg\" width=\"60\" height=\"48px\" viewbox=\"0 0 640 512\"><!--! Font Awesome Free 6.4.0 by @fontawesome - https:\/\/fontawesome.com License - https:\/\/fontawesome.com\/license\/free (Icons: CC BY 4.0, Fonts: SIL OFL 1.1, Code: MIT License) Copyright 2023 Fonticons, Inc. --><path d=\"M64 104v88h96V96H72c-4.4 0-8 3.6-8 8zm482 88L465.1 96H384v96H546zm-226 0V96H224v96h96zM592 384H576c0 53-43 96-96 96s-96-43-96-96H256c0 53-43 96-96 96s-96-43-96-96H48c-26.5 0-48-21.5-48-48V104C0 64.2 32.2 32 72 32H192 352 465.1c18.9 0 36.8 8.3 49 22.8L625 186.5c9.7 11.5 15 26.1 15 41.2V336c0 26.5-21.5 48-48 48zm-64 0a48 48 0 1 0 -96 0 48 48 0 1 0 96 0zM160 432a48 48 0 1 0 0-96 48 48 0 1 0 0 96z\"\/><\/svg>\n\t\t\t\t\t<span class=\"wpforms-icon-choices-icon-bg\"><\/span>\n\t\t\t\t<\/span>\n\t\t\t\t<input type=\"radio\" id=\"wpforms-2147-field_1_1\" class=\"wpforms-screen-reader-element\" name=\"wpforms[fields][1]\" value=\"Furgon - 5 paletnih mest&lt;br&gt;Dx\u0160xV:140x360x180cm\" autocomplete=\"off\" required>\n\t\t\t\t<span class=\"wpforms-icon-choices-label\">Furgon - 5 paletnih mest<br>Dx\u0160xV:140x360x180cm<\/span>\n\t\t\t<\/label><\/li><li class=\"choice-2 depth-1 wpforms-icon-choices-item\"><label class=\"wpforms-field-label-inline\" for=\"wpforms-2147-field_1_2\">\n\t\t\t\t<span class=\"wpforms-icon-choices-icon\">\n\t\t\t\t\t<svg xmlns=\"http:\/\/www.w3.org\/2000\/svg\" width=\"60\" height=\"48px\" viewbox=\"0 0 640 512\"><!--! Font Awesome Free 6.4.0 by @fontawesome - https:\/\/fontawesome.com License - https:\/\/fontawesome.com\/license\/free (Icons: CC BY 4.0, Fonts: SIL OFL 1.1, Code: MIT License) Copyright 2023 Fonticons, Inc. --><path d=\"M48 0C21.5 0 0 21.5 0 48V368c0 26.5 21.5 48 48 48H64c0 53 43 96 96 96s96-43 96-96H384c0 53 43 96 96 96s96-43 96-96h32c17.7 0 32-14.3 32-32s-14.3-32-32-32V288 256 237.3c0-17-6.7-33.3-18.7-45.3L512 114.7c-12-12-28.3-18.7-45.3-18.7H416V48c0-26.5-21.5-48-48-48H48zM416 160h50.7L544 237.3V256H416V160zM112 416a48 48 0 1 1 96 0 48 48 0 1 1 -96 0zm368-48a48 48 0 1 1 0 96 48 48 0 1 1 0-96z\"\/><\/svg>\n\t\t\t\t\t<span class=\"wpforms-icon-choices-icon-bg\"><\/span>\n\t\t\t\t<\/span>\n\t\t\t\t<input type=\"radio\" id=\"wpforms-2147-field_1_2\" class=\"wpforms-screen-reader-element\" name=\"wpforms[fields][1]\" value=\"Cerada - 8 paletnih mest&lt;br&gt;Dx\u0160xV:210x430x220cm\" autocomplete=\"off\" required>\n\t\t\t\t<span class=\"wpforms-icon-choices-label\">Cerada - 8 paletnih mest<br>Dx\u0160xV:210x430x220cm<\/span>\n\t\t\t<\/label><\/li><li class=\"choice-3 depth-1 wpforms-icon-choices-item\"><label class=\"wpforms-field-label-inline\" for=\"wpforms-2147-field_1_3\">\n\t\t\t\t<span class=\"wpforms-icon-choices-icon\">\n\t\t\t\t\t<svg xmlns=\"http:\/\/www.w3.org\/2000\/svg\" width=\"60\" height=\"48px\" viewbox=\"0 0 640 512\"><!--! Font Awesome Free 6.4.0 by @fontawesome - https:\/\/fontawesome.com License - https:\/\/fontawesome.com\/license\/free (Icons: CC BY 4.0, Fonts: SIL OFL 1.1, Code: MIT License) Copyright 2023 Fonticons, Inc. --><path d=\"M48 0C21.5 0 0 21.5 0 48V368c0 26.5 21.5 48 48 48H64c0 53 43 96 96 96s96-43 96-96H384c0 53 43 96 96 96s96-43 96-96h32c17.7 0 32-14.3 32-32s-14.3-32-32-32V288 256 237.3c0-17-6.7-33.3-18.7-45.3L512 114.7c-12-12-28.3-18.7-45.3-18.7H416V48c0-26.5-21.5-48-48-48H48zM416 160h50.7L544 237.3V256H416V160zM112 416a48 48 0 1 1 96 0 48 48 0 1 1 -96 0zm368-48a48 48 0 1 1 0 96 48 48 0 1 1 0-96z\"\/><\/svg>\n\t\t\t\t\t<span class=\"wpforms-icon-choices-icon-bg\"><\/span>\n\t\t\t\t<\/span>\n\t\t\t\t<input type=\"radio\" id=\"wpforms-2147-field_1_3\" class=\"wpforms-screen-reader-element\" name=\"wpforms[fields][1]\" value=\"Cerada - 10 paletnih mest&lt;br&gt;Dx\u0160xV:210x500x220cm\" autocomplete=\"off\" required>\n\t\t\t\t<span class=\"wpforms-icon-choices-label\">Cerada - 10 paletnih mest<br>Dx\u0160xV:210x500x220cm<\/span>\n\t\t\t<\/label><\/li><\/ul><\/div><div id=\"wpforms-2147-field_2-container\" class=\"wpforms-field wpforms-field-text\" data-field-id=\"2\"><label class=\"wpforms-field-label\" for=\"wpforms-2147-field_2\">Datum in \u010das za\u010detka najema <span class=\"wpforms-required-label\">*<\/span><\/label><input type=\"text\" id=\"wpforms-2147-field_2\" class=\"wpforms-field-medium wpforms-field-required wpforms-masked-input\" data-rule-inputmask-incomplete=\"1\" data-inputmask-alias=\"datetime\" data-inputmask-inputformat=\"dd.mm.yy HH:MM\" data-inputmask-inputmode=\"numeric\" name=\"wpforms[fields][2]\" placeholder=\"PRIMER: 03.09.24 09:00\" required><div class=\"wpforms-field-description\">Kdaj \u017eelite prevzeti najeto vozilo?<\/div><\/div><div id=\"wpforms-2147-field_3-container\" class=\"wpforms-field wpforms-field-text\" data-field-id=\"3\"><label class=\"wpforms-field-label\" for=\"wpforms-2147-field_3\">Datum in \u010das zaklju\u010dka najema <span class=\"wpforms-required-label\">*<\/span><\/label><input type=\"text\" id=\"wpforms-2147-field_3\" class=\"wpforms-field-medium wpforms-field-required wpforms-masked-input\" data-rule-inputmask-incomplete=\"1\" data-inputmask-alias=\"datetime\" data-inputmask-inputformat=\"dd.mm.yy HH:MM\" data-inputmask-inputmode=\"numeric\" name=\"wpforms[fields][3]\" placeholder=\"PRIMER: 04.09.24 09:00\" required><div class=\"wpforms-field-description\">Kdaj \u017eelite vrniti najeto vozilo?<\/div><\/div><div id=\"wpforms-2147-field_7-container\" class=\"wpforms-field wpforms-field-number\" data-field-id=\"7\"><label class=\"wpforms-field-label\" for=\"wpforms-2147-field_7\">Predvideno \u0161tevilko kilometrov <span class=\"wpforms-required-label\">*<\/span><\/label><input type=\"number\" id=\"wpforms-2147-field_7\" class=\"wpforms-field-medium wpforms-field-required\" name=\"wpforms[fields][7]\" required><div class=\"wpforms-field-description\">Koliko kilometrov boste prevozili za \u010das najema?<\/div><\/div><\/div><!-- .wpforms-field-container --><div class=\"wpforms-submit-container\" ><input type=\"hidden\" name=\"wpforms[id]\" value=\"2147\"><input type=\"hidden\" name=\"page_title\" value=\"\"><input type=\"hidden\" name=\"page_url\" value=\"https:\/\/sb-logistika.si\/de\/wp-json\/wp\/v2\/pages\/2145\"><button type=\"submit\" name=\"wpforms[submit]\" id=\"wpforms-submit-2147\" class=\"wpforms-submit\" data-alt-text=\"Po\u0161iljanje povpra\u0161evanja\" data-submit-text=\"Pridobi ponudbo\" aria-live=\"assertive\" value=\"wpforms-submit\">Pridobi ponudbo<\/button><img decoding=\"async\" src=\"https:\/\/sb-logistika.si\/wp-content\/plugins\/wpforms-lite\/assets\/images\/submit-spin.svg\" class=\"wpforms-submit-spinner\" style=\"display: none;\" width=\"26\" height=\"26\" alt=\"Wird geladen\"><\/div><input type=\"hidden\" name=\"trp-form-language\" value=\"de\"\/><\/form><\/div>  <!-- .wpforms-container -->\t\t<\/div>\n\t\t\t\t<\/div>\n\t\t\t\t\t<\/div>\n\t\t\t\t<\/div>\n\t\t\t\t<\/div>","protected":false},"excerpt":{"rendered":"<p>Povpra\u0161evanje zanajem Povpra\u0161evanje za najem tovornega vozila \u2014 B kategorija Pridobi ponudbo za prevoz ali skladi\u0161\u010denje Please enable JavaScript in your browser to complete this form.Ime in priimek *Ime podjetjaEpo\u0161ta *Tip vozila * Furgon &#8211; 5 paletnih mestDx\u0160xV:140x360x180cm Cerada &#8211; 8 paletnih mestDx\u0160xV:210x430x220cm Cerada &#8211; 10 paletnih mestDx\u0160xV:210x500x220cm Datum in \u010das za\u010detka najema *Kdaj \u017eelite [&hellip;]<\/p>","protected":false},"author":1,"featured_media":0,"parent":0,"menu_order":0,"comment_status":"closed","ping_status":"closed","template":"","meta":{"site-sidebar-layout":"no-sidebar","site-content-layout":"page-builder","ast-site-content-layout":"full-width-container","site-content-style":"default","site-sidebar-style":"default","ast-global-header-display":"","ast-banner-title-visibility":"","ast-main-header-display":"","ast-hfb-above-header-display":"","ast-hfb-below-header-display":"","ast-hfb-mobile-header-display":"","site-post-title":"disabled","ast-breadcrumbs-content":"","ast-featured-img":"disabled","footer-sml-layout":"","theme-transparent-header-meta":"","adv-header-id-meta":"","stick-header-meta":"","header-above-stick-meta":"","header-main-stick-meta":"","header-below-stick-meta":"","astra-migrate-meta-layouts":"set","ast-page-background-enabled":"default","ast-page-background-meta":{"desktop":{"background-color":"","background-image":"","background-repeat":"repeat","background-position":"center center","background-size":"auto","background-attachment":"scroll","background-type":"","background-media":"","overlay-type":"","overlay-color":"","overlay-opacity":"","overlay-gradient":""},"tablet":{"background-color":"","background-image":"","background-repeat":"repeat","background-position":"center center","background-size":"auto","background-attachment":"scroll","background-type":"","background-media":"","overlay-type":"","overlay-color":"","overlay-opacity":"","overlay-gradient":""},"mobile":{"background-color":"","background-image":"","background-repeat":"repeat","background-position":"center center","background-size":"auto","background-attachment":"scroll","background-type":"","background-media":"","overlay-type":"","overlay-color":"","overlay-opacity":"","overlay-gradient":""}},"ast-content-background-meta":{"desktop":{"background-color":"var(--ast-global-color-5)","background-image":"","background-repeat":"repeat","background-position":"center center","background-size":"auto","background-attachment":"scroll","background-type":"","background-media":"","overlay-type":"","overlay-color":"","overlay-opacity":"","overlay-gradient":""},"tablet":{"background-color":"var(--ast-global-color-5)","background-image":"","background-repeat":"repeat","background-position":"center center","background-size":"auto","background-attachment":"scroll","background-type":"","background-media":"","overlay-type":"","overlay-color":"","overlay-opacity":"","overlay-gradient":""},"mobile":{"background-color":"var(--ast-global-color-5)","background-image":"","background-repeat":"repeat","background-position":"center center","background-size":"auto","background-attachment":"scroll","background-type":"","background-media":"","overlay-type":"","overlay-color":"","overlay-opacity":"","overlay-gradient":""}},"footnotes":""},"class_list":["post-2145","page","type-page","status-publish","hentry"],"_links":{"self":[{"href":"https:\/\/sb-logistika.si\/de\/wp-json\/wp\/v2\/pages\/2145","targetHints":{"allow":["GET"]}}],"collection":[{"href":"https:\/\/sb-logistika.si\/de\/wp-json\/wp\/v2\/pages"}],"about":[{"href":"https:\/\/sb-logistika.si\/de\/wp-json\/wp\/v2\/types\/page"}],"author":[{"embeddable":true,"href":"https:\/\/sb-logistika.si\/de\/wp-json\/wp\/v2\/users\/1"}],"replies":[{"embeddable":true,"href":"https:\/\/sb-logistika.si\/de\/wp-json\/wp\/v2\/comments?post=2145"}],"version-history":[{"count":17,"href":"https:\/\/sb-logistika.si\/de\/wp-json\/wp\/v2\/pages\/2145\/revisions"}],"predecessor-version":[{"id":2208,"href":"https:\/\/sb-logistika.si\/de\/wp-json\/wp\/v2\/pages\/2145\/revisions\/2208"}],"wp:attachment":[{"href":"https:\/\/sb-logistika.si\/de\/wp-json\/wp\/v2\/media?parent=2145"}],"curies":[{"name":"wp","href":"https:\/\/api.w.org\/{rel}","templated":true}]}}